{"id":995,"date":"2024-12-23T11:21:52","date_gmt":"2024-12-23T10:21:52","guid":{"rendered":"https:\/\/ksop.click.si\/?page_id=995"},"modified":"2025-01-13T12:38:33","modified_gmt":"2025-01-13T11:38:33","slug":"vclani-se","status":"publish","type":"page","link":"https:\/\/ksop.si\/it\/vclani-se\/","title":{"rendered":"V\u010dlani se"},"content":{"rendered":"<div data-elementor-type=\"wp-page\" data-elementor-id=\"995\" class=\"elementor elementor-995\" data-elementor-post-type=\"page\">\n\t\t\t\t<div class=\"elementor-element elementor-element-3476896 e-flex e-con-boxed e-con e-parent\" data-id=\"3476896\" data-element_type=\"container\" data-e-type=\"container\" data-settings=\"{&quot;background_background&quot;:&quot;classic&quot;}\">\n\t\t\t\t\t<div class=\"e-con-inner\">\n\t\t\t\t<div class=\"elementor-element elementor-element-1fac474 elementor-widget elementor-widget-heading\" data-id=\"1fac474\" data-element_type=\"widget\" data-e-type=\"widget\" data-widget_type=\"heading.default\">\n\t\t\t\t<div class=\"elementor-widget-container\">\n\t\t\t\t\t<h1 class=\"elementor-heading-title elementor-size-default\">Dichiarazione di adesione<\/h1>\t\t\t\t<\/div>\n\t\t\t\t<\/div>\n\t\t\t\t<div class=\"elementor-element elementor-element-84cfeff elementor-widget__width-initial elementor-widget elementor-widget-shortcode\" data-id=\"84cfeff\" data-element_type=\"widget\" data-e-type=\"widget\" data-widget_type=\"shortcode.default\">\n\t\t\t\t<div class=\"elementor-widget-container\">\n\t\t\t\t\t\t\t<div class=\"elementor-shortcode\"><div class=\"forminator-ui forminator-custom-form forminator-custom-form-1082 forminator-design--default forminator-enclosed forminator_ajax\" data-forminator-render=\"1\" data-form=\"forminator-module-1082\" data-uid=\"6a0313fbda497\"><br\/><\/div><form\r\n\t\t\t\tid=\"forminator-module-1082\"\r\n\t\t\t\tclass=\"forminator-ui forminator-custom-form forminator-custom-form-1082 forminator-design--default forminator-enclosed forminator_ajax\"\r\n\t\t\t\tmethod=\"post\"\r\n\t\t\t\tdata-forminator-render=\"1\"\r\n\t\t\t\tdata-form-id=\"1082\"\r\n\t\t\t\tenctype=\"multipart\/form-data\" data-color-option=\"theme\" data-design=\"default\" data-grid=\"enclosed\" style=\"display: none;\"\r\n\t\t\t\tdata-uid=\"6a0313fbda497\" action=\"\"\r\n\t\t\t><div role=\"alert\" aria-live=\"polite\" class=\"forminator-response-message forminator-error\" aria-hidden=\"true\"><\/div><div class=\"forminator-row\"><div id=\"name-1\" class=\"forminator-field-name forminator-col forminator-col-12\"><div class=\"forminator-row forminator-no-margin\" data-multiple=\"true\"><div class=\"forminator-col forminator-col-md-6\"><div class=\"forminator-field\"><label for=\"forminator-field-first-name-1_6a0313fbda497\" id=\"forminator-field-first-name-1_6a0313fbda497-label\" class=\"forminator-label\">Nome <span class=\"forminator-required\">*<\/span><\/label><input type=\"text\" name=\"name-1-first-name\" placeholder=\"Nome\" id=\"forminator-field-first-name-1_6a0313fbda497\" class=\"forminator-input\" aria-required=\"true\" data-multi=\"1\" autocomplete=\"given-name\" value=\"\" \/><\/div><\/div><div class=\"forminator-col forminator-col-md-6\"><div class=\"forminator-field\"><label for=\"forminator-field-last-name-1_6a0313fbda497\" id=\"forminator-field-last-name-1_6a0313fbda497-label\" class=\"forminator-label\">Cognome <span class=\"forminator-required\">*<\/span><\/label><input type=\"text\" name=\"name-1-last-name\" placeholder=\"Cognome\" id=\"forminator-field-last-name-1_6a0313fbda497\" class=\"forminator-input\" aria-required=\"true\" data-multi=\"1\" autocomplete=\"family-name\" value=\"\" \/><\/div><\/div><\/div><\/div><\/div><div class=\"forminator-row\"><div id=\"email-1\" class=\"forminator-field-email forminator-col forminator-col-6\"><div class=\"forminator-field\"><label for=\"forminator-field-email-1_6a0313fbda497\" id=\"forminator-field-email-1_6a0313fbda497-label\" class=\"forminator-label\">Posta elettronica <span class=\"forminator-required\">*<\/span><\/label><input type=\"email\" name=\"email-1\" value=\"\" placeholder=\"Posta elettronica\" id=\"forminator-field-email-1_6a0313fbda497\" class=\"forminator-input forminator-email--field\" data-required=\"1\" aria-required=\"true\" autocomplete=\"email\" \/><\/div><\/div><div id=\"date-1\" class=\"forminator-field-date forminator-col forminator-col-6\"><div class=\"forminator-field\"><label for=\"forminator-field-date-1-picker_6a0313fbda497\" id=\"forminator-field-date-1-picker_6a0313fbda497-label\" class=\"forminator-label\">Data di nascita <span class=\"forminator-required\">*<\/span><\/label><input autocomplete=\"off\" type=\"text\" size=\"1\" name=\"date-1\" value=\"\" placeholder=\"Data di nascita\" id=\"forminator-field-date-1-picker_6a0313fbda497\" class=\"forminator-input forminator-datepicker\" data-required=\"1\" data-format=\"dd.mm.yy\" data-restrict-type=\"\" data-restrict=\"\" data-start-year=\"1926\" data-end-year=\"2126\" data-past-dates=\"enable\" data-start-of-week=\"1\" data-start-date=\"\" data-end-date=\"\" data-start-field=\"\" data-end-field=\"\" data-start-offset=\"\" data-end-offset=\"\" data-disable-date=\"\" data-disable-range=\"\" \/><\/div><\/div><\/div><div class=\"forminator-row\"><div id=\"address-1\" class=\"forminator-field-address forminator-col forminator-col-12\"><div class=\"forminator-row\"><div id=\"address-1-street_address\" class=\"forminator-col\"><div class=\"forminator-field\"><label for=\"forminator-field-address-1-street_address_6a0313fbda497\" id=\"forminator-field-address-1-street_address_6a0313fbda497-label\" class=\"forminator-label\">Strada <span class=\"forminator-required\">*<\/span><\/label><input type=\"text\" name=\"address-1-street_address\" placeholder=\"Strada\" id=\"forminator-field-address-1-street_address_6a0313fbda497\" class=\"forminator-input\" data-required=\"1\" aria-required=\"true\" autocomplete=\"address-line1\" value=\"\" \/><\/div><\/div><\/div><div class=\"forminator-row\" data-multiple=\"false\"><div id=\"address-1-city\" class=\"forminator-col forminator-col-12\"><div class=\"forminator-field\"><label for=\"forminator-field-address-1-city_6a0313fbda497\" id=\"forminator-field-address-1-city_6a0313fbda497-label\" class=\"forminator-label\">Luogo <span class=\"forminator-required\">*<\/span><\/label><input type=\"text\" name=\"address-1-city\" placeholder=\"Luogo\" id=\"forminator-field-address-1-city_6a0313fbda497\" class=\"forminator-input\" data-required=\"1\" aria-required=\"true\" autocomplete=\"address-level2\" value=\"\" \/><\/div><\/div><\/div><div class=\"forminator-row\" data-multiple=\"false\"><div id=\"address-1-zip\" class=\"forminator-col forminator-col-12\"><div class=\"forminator-field\"><label for=\"forminator-field-address-1-zip_6a0313fbda497\" id=\"forminator-field-address-1-zip_6a0313fbda497-label\" class=\"forminator-label\">Codice postale <span class=\"forminator-required\">*<\/span><\/label><input type=\"text\" name=\"address-1-zip\" placeholder=\"Codice postale\" id=\"forminator-field-address-1-zip_6a0313fbda497\" class=\"forminator-input\" autocomplete=\"postal-code\" value=\"\" \/><\/div><\/div><\/div><\/div><\/div><div class=\"forminator-row\"><div id=\"radio-1\" class=\"forminator-field-radio forminator-col forminator-col-6\"><div role=\"radiogroup\" class=\"forminator-field\" aria-labelledby=\"forminator-radiogroup-radio-1-6a0313fbda497-label\"><span id=\"forminator-radiogroup-radio-1-6a0313fbda497-label\" class=\"forminator-label\">Vivi a Pirano? <span class=\"forminator-required\">*<\/span><\/span><label id=\"forminator-field-radio-1-label-1\" for=\"forminator-field-radio-1-1-6a0313fbda497\" class=\"forminator-radio forminator-radio-inline\" title=\"SI\"><input type=\"radio\" name=\"radio-1\" value=\"one\" id=\"forminator-field-radio-1-1-6a0313fbda497\" aria-labelledby=\"forminator-field-radio-1-label-1\" data-calculation=\"0\"   data-hidden-behavior=\"zero\"\/><span class=\"forminator-radio-bullet\" aria-hidden=\"true\"><\/span><span class=\"forminator-radio-label\">SI<\/span><\/label><label id=\"forminator-field-radio-1-label-2\" for=\"forminator-field-radio-1-2-6a0313fbda497\" class=\"forminator-radio forminator-radio-inline\" title=\"NO\"><input type=\"radio\" name=\"radio-1\" value=\"two\" id=\"forminator-field-radio-1-2-6a0313fbda497\" aria-labelledby=\"forminator-field-radio-1-label-2\" data-calculation=\"0\"   data-hidden-behavior=\"zero\"\/><span class=\"forminator-radio-bullet\" aria-hidden=\"true\"><\/span><span class=\"forminator-radio-label\">NO<\/span><\/label><\/div><\/div><div id=\"radio-2\" class=\"forminator-field-radio forminator-col forminator-col-6\"><div role=\"radiogroup\" class=\"forminator-field\" aria-labelledby=\"forminator-radiogroup-radio-2-6a0313fbda497-label\"><span id=\"forminator-radiogroup-radio-2-6a0313fbda497-label\" class=\"forminator-label\">Dove studi <span class=\"forminator-required\">*<\/span><\/span><label id=\"forminator-field-radio-2-label-1\" for=\"forminator-field-radio-2-1-6a0313fbda497\" class=\"forminator-radio forminator-radio-inline\" title=\"Universita\"><input type=\"radio\" name=\"radio-2\" value=\"one\" id=\"forminator-field-radio-2-1-6a0313fbda497\" aria-labelledby=\"forminator-field-radio-2-label-1\" data-calculation=\"0\"   data-hidden-behavior=\"zero\"\/><span class=\"forminator-radio-bullet\" aria-hidden=\"true\"><\/span><span class=\"forminator-radio-label\">Universita<\/span><\/label><label id=\"forminator-field-radio-2-label-2\" for=\"forminator-field-radio-2-2-6a0313fbda497\" class=\"forminator-radio forminator-radio-inline\" title=\"Scuola media\"><input type=\"radio\" name=\"radio-2\" value=\"two\" id=\"forminator-field-radio-2-2-6a0313fbda497\" aria-labelledby=\"forminator-field-radio-2-label-2\" data-calculation=\"0\"   data-hidden-behavior=\"zero\"\/><span class=\"forminator-radio-bullet\" aria-hidden=\"true\"><\/span><span class=\"forminator-radio-label\">Scuola media<\/span><\/label><\/div><\/div><\/div><div class=\"forminator-row\"><div id=\"text-1\" class=\"forminator-field-text forminator-col forminator-col-6\"><div class=\"forminator-field\"><label for=\"forminator-field-text-1_6a0313fbda497\" id=\"forminator-field-text-1_6a0313fbda497-label\" class=\"forminator-label\">Scuola\/Universita <span class=\"forminator-required\">*<\/span><\/label><input type=\"text\" name=\"text-1\" value=\"\" placeholder=\"Scuola\/Universita\" id=\"forminator-field-text-1_6a0313fbda497\" class=\"forminator-input forminator-name--field\" data-required=\"1\" \/><\/div><\/div><div id=\"text-2\" class=\"forminator-field-text forminator-col forminator-col-6\"><div class=\"forminator-field\"><label for=\"forminator-field-text-2_6a0313fbda497\" id=\"forminator-field-text-2_6a0313fbda497-label\" class=\"forminator-label\">Programma educativo <span class=\"forminator-required\">*<\/span><\/label><input type=\"text\" name=\"text-2\" value=\"\" placeholder=\"Programma educativo\" id=\"forminator-field-text-2_6a0313fbda497\" class=\"forminator-input forminator-name--field\" data-required=\"1\" \/><\/div><\/div><\/div><div class=\"forminator-row\"><div id=\"radio-3\" class=\"forminator-field-radio forminator-col forminator-col-12\"><div role=\"radiogroup\" class=\"forminator-field\" aria-labelledby=\"forminator-radiogroup-radio-3-6a0313fbda497-label\"><span id=\"forminator-radiogroup-radio-3-6a0313fbda497-label\" class=\"forminator-label\">Anno di studio <span class=\"forminator-required\">*<\/span><\/span><label id=\"forminator-field-radio-3-label-1\" for=\"forminator-field-radio-3-1-6a0313fbda497\" class=\"forminator-radio forminator-radio-inline\" title=\"1.\"><input type=\"radio\" name=\"radio-3\" value=\"one\" id=\"forminator-field-radio-3-1-6a0313fbda497\" aria-labelledby=\"forminator-field-radio-3-label-1\" data-calculation=\"0\"   data-hidden-behavior=\"zero\"\/><span class=\"forminator-radio-bullet\" aria-hidden=\"true\"><\/span><span class=\"forminator-radio-label\">1.<\/span><\/label><label id=\"forminator-field-radio-3-label-2\" for=\"forminator-field-radio-3-2-6a0313fbda497\" class=\"forminator-radio forminator-radio-inline\" title=\"2.\"><input type=\"radio\" name=\"radio-3\" value=\"two\" id=\"forminator-field-radio-3-2-6a0313fbda497\" aria-labelledby=\"forminator-field-radio-3-label-2\" data-calculation=\"0\"   data-hidden-behavior=\"zero\"\/><span class=\"forminator-radio-bullet\" aria-hidden=\"true\"><\/span><span class=\"forminator-radio-label\">2.<\/span><\/label><label id=\"forminator-field-radio-3-label-3\" for=\"forminator-field-radio-3-3-6a0313fbda497\" class=\"forminator-radio forminator-radio-inline\" title=\"3.\"><input type=\"radio\" name=\"radio-3\" value=\"3.\" id=\"forminator-field-radio-3-3-6a0313fbda497\" aria-labelledby=\"forminator-field-radio-3-label-3\" data-calculation=\"0\"   data-hidden-behavior=\"zero\"\/><span class=\"forminator-radio-bullet\" aria-hidden=\"true\"><\/span><span class=\"forminator-radio-label\">3.<\/span><\/label><label id=\"forminator-field-radio-3-label-4\" for=\"forminator-field-radio-3-4-6a0313fbda497\" class=\"forminator-radio forminator-radio-inline\" title=\"4.\"><input type=\"radio\" name=\"radio-3\" value=\"4.\" id=\"forminator-field-radio-3-4-6a0313fbda497\" aria-labelledby=\"forminator-field-radio-3-label-4\" data-calculation=\"0\"   data-hidden-behavior=\"zero\"\/><span class=\"forminator-radio-bullet\" aria-hidden=\"true\"><\/span><span class=\"forminator-radio-label\">4.<\/span><\/label><label id=\"forminator-field-radio-3-label-5\" for=\"forminator-field-radio-3-5-6a0313fbda497\" class=\"forminator-radio forminator-radio-inline\" title=\"5.\"><input type=\"radio\" name=\"radio-3\" value=\"5.\" id=\"forminator-field-radio-3-5-6a0313fbda497\" aria-labelledby=\"forminator-field-radio-3-label-5\" data-calculation=\"0\"   data-hidden-behavior=\"zero\"\/><span class=\"forminator-radio-bullet\" aria-hidden=\"true\"><\/span><span class=\"forminator-radio-label\">5.<\/span><\/label><label id=\"forminator-field-radio-3-label-6\" for=\"forminator-field-radio-3-6-6a0313fbda497\" class=\"forminator-radio forminator-radio-inline\" title=\"6.\"><input type=\"radio\" name=\"radio-3\" value=\"6.\" id=\"forminator-field-radio-3-6-6a0313fbda497\" aria-labelledby=\"forminator-field-radio-3-label-6\" data-calculation=\"0\"   data-hidden-behavior=\"zero\"\/><span class=\"forminator-radio-bullet\" aria-hidden=\"true\"><\/span><span class=\"forminator-radio-label\">6.<\/span><\/label><label id=\"forminator-field-radio-3-label-7\" for=\"forminator-field-radio-3-7-6a0313fbda497\" class=\"forminator-radio forminator-radio-inline\" title=\"laureato\"><input type=\"radio\" name=\"radio-3\" value=\"absolvent\" id=\"forminator-field-radio-3-7-6a0313fbda497\" aria-labelledby=\"forminator-field-radio-3-label-7\" data-calculation=\"0\"   data-hidden-behavior=\"zero\"\/><span class=\"forminator-radio-bullet\" aria-hidden=\"true\"><\/span><span class=\"forminator-radio-label\">laureato<\/span><\/label><\/div><\/div><\/div><div class=\"forminator-row\"><div id=\"radio-4\" class=\"forminator-field-radio forminator-col forminator-col-12\"><div role=\"radiogroup\" class=\"forminator-field\" aria-labelledby=\"forminator-radiogroup-radio-4-6a0313fbda497-label\"><span id=\"forminator-radiogroup-radio-4-6a0313fbda497-label\" class=\"forminator-label\">Vuoi aiutare con i progetti in K\u0160OP? <span class=\"forminator-required\">*<\/span><\/span><label id=\"forminator-field-radio-4-label-1\" for=\"forminator-field-radio-4-1-6a0313fbda497\" class=\"forminator-radio forminator-radio-inline\" title=\"SI\"><input type=\"radio\" name=\"radio-4\" value=\"one\" id=\"forminator-field-radio-4-1-6a0313fbda497\" aria-labelledby=\"forminator-field-radio-4-label-1\" data-calculation=\"0\"   data-hidden-behavior=\"zero\"\/><span class=\"forminator-radio-bullet\" aria-hidden=\"true\"><\/span><span class=\"forminator-radio-label\">SI<\/span><\/label><label id=\"forminator-field-radio-4-label-2\" for=\"forminator-field-radio-4-2-6a0313fbda497\" class=\"forminator-radio forminator-radio-inline\" title=\"NO\"><input type=\"radio\" name=\"radio-4\" value=\"two\" id=\"forminator-field-radio-4-2-6a0313fbda497\" aria-labelledby=\"forminator-field-radio-4-label-2\" data-calculation=\"0\"   data-hidden-behavior=\"zero\"\/><span class=\"forminator-radio-bullet\" aria-hidden=\"true\"><\/span><span class=\"forminator-radio-label\">NO<\/span><\/label><\/div><\/div><\/div><div class=\"forminator-row\"><div id=\"date-2\" class=\"forminator-field-date forminator-col forminator-col-6\"><div class=\"forminator-field\"><label for=\"forminator-field-date-2-picker_6a0313fbda497\" id=\"forminator-field-date-2-picker_6a0313fbda497-label\" class=\"forminator-label\">Data di oggi <span class=\"forminator-required\">*<\/span><\/label><input autocomplete=\"off\" type=\"text\" size=\"1\" name=\"date-2\" value=\"12.05.2026\" placeholder=\"Data di oggi\" id=\"forminator-field-date-2-picker_6a0313fbda497\" class=\"forminator-input forminator-datepicker\" data-required=\"1\" data-format=\"dd.mm.yy\" data-restrict-type=\"\" data-restrict=\"\" data-start-year=\"1926\" data-end-year=\"2126\" data-past-dates=\"enable\" data-start-of-week=\"1\" data-start-date=\"\" data-end-date=\"\" data-start-field=\"\" data-end-field=\"\" data-start-offset=\"\" data-end-offset=\"\" data-disable-date=\"\" data-disable-range=\"\" \/><\/div><\/div><div id=\"signature-1\" class=\"forminator-field-signature forminator-col forminator-col-6\"><div class=\"forminator-field forminator-field-signature\"><label for=\"forminator-field-ctlSignature6a0313fbdb18d\" id=\"forminator-field-ctlSignature6a0313fbdb18d-label\" class=\"forminator-label\">Ro\u010dni podpis <span class=\"forminator-required\">*<\/span><\/label><div class=\"forminator-signature\" data-elementheight=\"90\"><span id=\"ctlSignature6a0313fbdb18d_placeholder\" class=\"forminator-signature--placeholder\" aria-hidden=\"true\"><\/span><div id=\"ctlSignature6a0313fbdb18d_Container\" class=\"forminator-signature--container\"><canvas id=\"ctlSignature6a0313fbdb18d\" class=\"forminator-signature-canvas\" height=\"90\" tabindex=\"-1\"><p>Your browser does not support e-Signature field.<\/p><\/canvas><\/div><\/div><input type=\"hidden\" name=\"field-signature-1\" value=\"6a0313fbdb18d\" class=\"signature-prefix\"><\/div><\/div><\/div><div class=\"forminator-row\"><div id=\"checkbox-1\" class=\"forminator-field-checkbox forminator-col forminator-col-12\"><div role=\"group\" class=\"forminator-field\" aria-labelledby=\"forminator-checkbox-group-forminator-field-checkbox-1-6a0313fbda497-label\"><span id=\"forminator-checkbox-group-forminator-field-checkbox-1-6a0313fbda497-label\" class=\"forminator-label\">E-novice<\/span><label id=\"forminator-field-checkbox-1-1-6a0313fbda497-label\" for=\"forminator-field-checkbox-1-1-6a0313fbda497\" class=\"forminator-checkbox\" title=\"\u017delim prejemati e-novice\"><input type=\"checkbox\" name=\"checkbox-1[]\" value=\"one\" id=\"forminator-field-checkbox-1-1-6a0313fbda497\" aria-labelledby=\"forminator-field-checkbox-1-1-6a0313fbda497-label\" data-calculation=\"0\"   data-hidden-behavior=\"zero\"\/><span class=\"forminator-checkbox-box\" aria-hidden=\"true\"><\/span><span class=\"forminator-checkbox-label\">\u017delim prejemati e-novice<\/span><\/label><\/div><\/div><\/div><div class=\"forminator-row\"><div id=\"consent-1\" class=\"forminator-field-consent forminator-col forminator-col-12\"><div class=\"forminator-field\"><label for=\"forminator-field-consent-1_6a0313fbda497\" id=\"forminator-field-consent-1_6a0313fbda497-label\" class=\"forminator-label\">Consenso <span class=\"forminator-required\">*<\/span><\/label><div class=\"forminator-checkbox__wrapper\"><label id=\"forminator-field-consent-1_6a0313fbda497__label\" class=\"forminator-checkbox forminator-consent\"><input type=\"checkbox\" name=\"consent-1\" id=\"forminator-field-consent-1_6a0313fbda497\" value=\"checked\" aria-labelledby=\"forminator-field-consent-1_6a0313fbda497-label\" aria-describedby=\"forminator-field-consent-1_6a0313fbda497__description\" data-required=\"true\" aria-required=\"true\" \/><span class=\"forminator-checkbox-box\" aria-hidden=\"true\"><\/span><\/label><div id=\"forminator-field-consent-1_6a0313fbda497__description\" class=\"forminator-checkbox__label forminator-consent__label\"><p class=\"p1\">Dichiaro di voler diventare membro del Club studentesco del Comune di Pirano e di conoscere la normativa sulla protezione dei dati privati. Con la mia firma garantisco che tutte le informazioni sopra riportate sono autentiche. Il club studentesco garantisce che utilizzer\u00e0 i dati solo per gli scopi della propria attivit\u00e0 e non li ceder\u00e0 ad altri o a terzi. Con la firma garantisco la parit\u00e0 tra la copia e l'originale del certificato di iscrizione per l'anno accademico in corso.<\/p><\/div><\/div><\/div><\/div><\/div><div class=\"forminator-row\"><div id=\"text-3\" class=\"forminator-field-text forminator-col forminator-col-12\"><div class=\"forminator-field\"><label for=\"forminator-field-text-3_6a0313fbda497\" id=\"forminator-field-text-3_6a0313fbda497-label\" class=\"forminator-label\">Quali nuovi eventi o sussidi ti renderebbero felice e migliorerebbero la tua vita studentesca?<\/label><input type=\"text\" name=\"text-3\" value=\"\" placeholder=\"I tuoi suggerimenti e idee\" id=\"forminator-field-text-3_6a0313fbda497\" class=\"forminator-input forminator-name--field\" data-required=\"\" \/><\/div><\/div><\/div><div class=\"forminator-row\"><div id=\"upload-1\" class=\"forminator-field-upload forminator-col forminator-col-12\"><div class=\"forminator-field\"><label for=\"forminator-field-upload-1_6a0313fbda497\" id=\"forminator-field-upload-1_6a0313fbda497-label\" class=\"forminator-label\">Nalo\u017ei potrdilo o vpisu <span class=\"forminator-required\">*<\/span><\/label><div class=\"forminator-file-upload\" data-element=\"upload-1_6a0313fbda497\"><input type=\"file\" name=\"upload-1\" id=\"forminator-field-upload-1_6a0313fbda497\" class=\"forminator-input-file-required do-validate\" accept=\".jpg,.jpeg,.jpe,.gif,.png,.bmp,.tiff,.tif,.webp,.avif,.ico,.heic,.heif,.heics,.heifs,.asf,.asx,.wmv,.wmx,.wm,.avi,.divx,.flv,.mov,.qt,.mpeg,.mpg,.mpe,.mp4,.m4v,.ogv,.webm,.mkv,.3gp,.3gpp,.3g2,.3gp2,.txt,.asc,.c,.cc,.h,.srt,.csv,.tsv,.ics,.rtx,.vtt,.mp3,.m4a,.m4b,.aac,.ra,.ram,.wav,.ogg,.oga,.flac,.mid,.midi,.wma,.wax,.mka,.rtf,.pdf,.class,.tar,.zip,.gz,.gzip,.7z,.psd,.xcf,.doc,.pot,.pps,.ppt,.wri,.xla,.xls,.xlt,.xlw,.mdb,.mpp,.docx,.docm,.dotx,.dotm,.xlsx,.xlsm,.xlsb,.xltx,.xltm,.xlam,.pptx,.pptm,.ppsx,.ppsm,.potx,.potm,.ppam,.sldx,.sldm,.onetoc,.onetoc2,.onetmp,.onepkg,.oxps,.xps,.odt,.odp,.ods,.odg,.odc,.odb,.odf,.wp,.wpd,.key,.numbers,.pages,.svgz\" tabindex=\"-1\"><button id=\"forminator-field-upload-1_6a0313fbda497_button\" class=\"forminator-button forminator-button-upload\" data-id=\"forminator-field-upload-1_6a0313fbda497\">Choose File<\/button><span data-empty-text=\"No file chosen\">No file chosen<\/span><button class=\"forminator-button-delete\" style=\"display: none;\"><i class=\"forminator-icon-close\" aria-hidden=\"true\"><\/i><span class=\"forminator-screen-reader-only\">Delete uploaded file<\/span><\/button><\/div><\/div><\/div><\/div><div class=\"forminator-row\" style=\"margin: 0;\"><div id=\"captcha-1\" class=\"forminator-field-captcha  forminator-col-12\"><div class=\"forminator-captcha-left forminator-g-recaptcha recaptcha-invisible\" data-theme=\"light\" data-badge=\"bottomright\" data-sitekey=\"6LfrKrgqAAAAACHROx9-GD-XGd4YScr01zfk3SZt\" data-size=\"invisible\"><\/div> <\/div><\/div><input type=\"hidden\" name=\"referer_url\" value=\"\" \/><div class=\"forminator-row forminator-row-last\"><div class=\"forminator-col\"><div class=\"forminator-field\"><button class=\"forminator-button forminator-button-submit\">Iscrivimi<\/button><\/div><\/div><\/div><input type=\"hidden\" id=\"forminator_nonce\" name=\"forminator_nonce\" value=\"7c921f16cb\" \/><input type=\"hidden\" name=\"_wp_http_referer\" value=\"\/it\/wp-json\/wp\/v2\/pages\/995\" \/><input type=\"hidden\" name=\"form_id\" value=\"1082\"><input type=\"hidden\" name=\"page_id\" value=\"995\"><input type=\"hidden\" name=\"form_type\" value=\"default\"><input type=\"hidden\" name=\"current_url\" value=\"https:\/\/ksop.si\/it\/vclani-se\/\"><input type=\"hidden\" name=\"render_id\" value=\"1\"><input type=\"hidden\" name=\"action\" value=\"forminator_submit_form_custom-forms\"><input type=\"hidden\" name=\"trp-form-language\" value=\"it\"\/><\/form><\/div>\n\t\t\t\t\t\t<\/div>\n\t\t\t\t<\/div>\n\t\t\t\t<div class=\"elementor-element elementor-element-a3c8cf3 elementor-widget elementor-widget-spacer\" data-id=\"a3c8cf3\" data-element_type=\"widget\" data-e-type=\"widget\" data-widget_type=\"spacer.default\">\n\t\t\t\t<div class=\"elementor-widget-container\">\n\t\t\t\t\t\t\t<div class=\"elementor-spacer\">\n\t\t\t<div class=\"elementor-spacer-inner\"><\/div>\n\t\t<\/div>\n\t\t\t\t\t\t<\/div>\n\t\t\t\t<\/div>\n\t\t\t\t\t<\/div>\n\t\t\t\t<\/div>\n\t\t\t\t<\/div>","protected":false},"excerpt":{"rendered":"<p>Dichiarazione di adesione<\/p>","protected":false},"author":1,"featured_media":0,"parent":0,"menu_order":0,"comment_status":"closed","ping_status":"closed","template":"","meta":{"_acf_changed":false,"inline_featured_image":false,"_monsterinsights_skip_tracking":false,"_monsterinsights_sitenote_active":false,"_monsterinsights_sitenote_note":"","_monsterinsights_sitenote_category":0,"footnotes":""},"class_list":["post-995","page","type-page","status-publish","hentry"],"acf":[],"aioseo_notices":[],"_links":{"self":[{"href":"https:\/\/ksop.si\/it\/wp-json\/wp\/v2\/pages\/995","targetHints":{"allow":["GET"]}}],"collection":[{"href":"https:\/\/ksop.si\/it\/wp-json\/wp\/v2\/pages"}],"about":[{"href":"https:\/\/ksop.si\/it\/wp-json\/wp\/v2\/types\/page"}],"author":[{"embeddable":true,"href":"https:\/\/ksop.si\/it\/wp-json\/wp\/v2\/users\/1"}],"replies":[{"embeddable":true,"href":"https:\/\/ksop.si\/it\/wp-json\/wp\/v2\/comments?post=995"}],"version-history":[{"count":28,"href":"https:\/\/ksop.si\/it\/wp-json\/wp\/v2\/pages\/995\/revisions"}],"predecessor-version":[{"id":1775,"href":"https:\/\/ksop.si\/it\/wp-json\/wp\/v2\/pages\/995\/revisions\/1775"}],"wp:attachment":[{"href":"https:\/\/ksop.si\/it\/wp-json\/wp\/v2\/media?parent=995"}],"curies":[{"name":"wp","href":"https:\/\/api.w.org\/{rel}","templated":true}]}}